{"id":285921,"date":"2023-12-16T10:37:21","date_gmt":"2023-12-16T10:37:21","guid":{"rendered":"https:\/\/boskibox.pl\/?page_id=285921"},"modified":"2023-12-16T11:17:48","modified_gmt":"2023-12-16T11:17:48","slug":"potwierdz-swoj-adres-e-mail","status":"publish","type":"page","link":"https:\/\/boskibox.pl\/en\/potwierdz-swoj-adres-e-mail\/","title":{"rendered":"Potwierd\u017a sw\u00f3j adres E-Mail"},"content":{"rendered":"<div data-elementor-type=\"wp-page\" data-elementor-id=\"285921\" class=\"elementor elementor-285921\" data-elementor-post-type=\"page\">\n\t\t\t\t\t\t<section class=\"has_ae_slider elementor-section elementor-top-section elementor-element elementor-element-727cbe7 elementor-section-height-min-height elementor-section-boxed elementor-section-height-default elementor-section-items-middle exad-parallax-effect-no exad-background-color-change-no exad-glass-effect-no ae-bg-gallery-type-default exad-sticky-section-no\" data-exad-particle-enable=\"false\" data-id=\"727cbe7\" data-element_type=\"section\" data-e-type=\"section\" data-settings=\"{&quot;background_background&quot;:&quot;classic&quot;}\">\n\t\t\t\t\t\t\t<div class=\"elementor-background-overlay\"><\/div>\n\t\t\t\t\t\t\t<div class=\"elementor-container elementor-column-gap-default\">\n\t\t\t\t\t<div class=\"has_ae_slider elementor-column elementor-col-50 elementor-top-column elementor-element elementor-element-2b4f7c0 exad-glass-effect-no ae-bg-gallery-type-default exad-sticky-section-no\" data-id=\"2b4f7c0\" data-element_type=\"column\" data-e-type=\"column\">\n\t\t\t<div class=\"elementor-widget-wrap elementor-element-populated\">\n\t\t\t\t\t\t<div class=\"elementor-element elementor-element-9bc71de exad-sticky-section-no exad-glass-effect-no elementor-widget elementor-widget-heading\" data-id=\"9bc71de\" data-element_type=\"widget\" data-e-type=\"widget\" data-widget_type=\"heading.default\">\n\t\t\t\t<div class=\"elementor-widget-container\">\n\t\t\t\t\t<h2 class=\"elementor-heading-title elementor-size-default\">Dzi\u0119kujemy za zapis do newslettera !<\/h2>\t\t\t\t<\/div>\n\t\t\t\t<\/div>\n\t\t\t\t<div class=\"elementor-element elementor-element-9e695f8 exad-sticky-section-no exad-glass-effect-no elementor-widget elementor-widget-text-editor\" data-id=\"9e695f8\" data-element_type=\"widget\" data-e-type=\"widget\" data-widget_type=\"text-editor.default\">\n\t\t\t\t<div class=\"elementor-widget-container\">\n\t\t\t\t\t\t\t\t\t<p>Pomy\u015blnie zapisano ci\u0119 na nasz\u0105 list\u0119 subskrybent\u00f3w!<\/p><p><strong>Psst&#8230; dla Ciebie jako nowego subskrybenta mamy 5% kod zni\u017ckowy: WITAMY5.<\/strong><\/p><p>Smacznego!<\/p>\t\t\t\t\t\t\t\t<\/div>\n\t\t\t\t<\/div>\n\t\t\t\t\t<\/div>\n\t\t<\/div>\n\t\t\t\t<div class=\"has_ae_slider elementor-column elementor-col-50 elementor-top-column elementor-element elementor-element-4948f1f exad-glass-effect-no ae-bg-gallery-type-default exad-sticky-section-no\" data-id=\"4948f1f\" data-element_type=\"column\" data-e-type=\"column\">\n\t\t\t<div class=\"elementor-widget-wrap elementor-element-populated\">\n\t\t\t\t\t\t<div class=\"elementor-element elementor-element-787c9f5 exad-sticky-section-no exad-glass-effect-no elementor-widget elementor-widget-image\" data-id=\"787c9f5\" data-element_type=\"widget\" data-e-type=\"widget\" data-widget_type=\"image.default\">\n\t\t\t\t<div class=\"elementor-widget-container\">\n\t\t\t\t\t\t\t\t\t\t\t\t\t\t\t<img fetchpriority=\"high\" decoding=\"async\" width=\"1463\" height=\"2048\" src=\"https:\/\/boskibox.pl\/wp-content\/uploads\/2023\/12\/MG_5987.jpg\" class=\"attachment-full size-full wp-image-285925\" alt=\"\" srcset=\"https:\/\/boskibox.pl\/wp-content\/uploads\/2023\/12\/MG_5987.jpg 1463w, https:\/\/boskibox.pl\/wp-content\/uploads\/2023\/12\/MG_5987-214x300.jpg 214w, https:\/\/boskibox.pl\/wp-content\/uploads\/2023\/12\/MG_5987-732x1024.jpg 732w, https:\/\/boskibox.pl\/wp-content\/uploads\/2023\/12\/MG_5987-768x1075.jpg 768w, https:\/\/boskibox.pl\/wp-content\/uploads\/2023\/12\/MG_5987-1097x1536.jpg 1097w, https:\/\/boskibox.pl\/wp-content\/uploads\/2023\/12\/MG_5987-9x12.jpg 9w\" sizes=\"(max-width: 1463px) 100vw, 1463px\" \/>\t\t\t\t\t\t\t\t\t\t\t\t\t\t\t<\/div>\n\t\t\t\t<\/div>\n\t\t\t\t\t<\/div>\n\t\t<\/div>\n\t\t\t\t\t<\/div>\n\t\t<\/section>\n\t\t\t\t<\/div>","protected":false},"excerpt":{"rendered":"<p>Dzi\u0119kujemy za zapis do newslettera ! Pomy\u015blnie zapisano ci\u0119 na nasz\u0105 list\u0119 subskrybent\u00f3w! Psst&#8230; dla Ciebie jako nowego subskrybenta mamy 5% kod zni\u017ckowy: WITAMY5. Smacznego!<\/p>","protected":false},"author":1,"featured_media":0,"parent":0,"menu_order":0,"comment_status":"closed","ping_status":"closed","template":"elementor_header_footer","meta":{"footnotes":""},"class_list":["post-285921","page","type-page","status-publish","hentry"],"acf":[],"yoast_head":"<!-- This site is optimized with the Yoast SEO Premium plugin v19.4 (Yoast SEO v27.2) - https:\/\/yoast.com\/product\/yoast-seo-premium-wordpress\/ -->\n<title>Potwierd\u017a sw\u00f3j adres E-Mail &#8211; boskibox.pl<\/title>\n<meta name=\"robots\" content=\"index, follow, max-snippet:-1, max-image-preview:large, max-video-preview:-1\" \/>\n<link rel=\"canonical\" href=\"https:\/\/boskibox.pl\/en\/potwierdz-swoj-adres-e-mail\/\" \/>\n<meta property=\"og:locale\" content=\"en_US\" \/>\n<meta property=\"og:type\" content=\"article\" \/>\n<meta property=\"og:title\" content=\"Potwierd\u017a sw\u00f3j adres E-Mail\" \/>\n<meta property=\"og:description\" content=\"Dzi\u0119kujemy za zapis do newslettera ! Pomy\u015blnie zapisano ci\u0119 na nasz\u0105 list\u0119 subskrybent\u00f3w! Psst&#8230; dla Ciebie jako nowego subskrybenta mamy 5% kod zni\u017ckowy: WITAMY5. Smacznego!\" \/>\n<meta property=\"og:url\" content=\"https:\/\/boskibox.pl\/en\/potwierdz-swoj-adres-e-mail\/\" \/>\n<meta property=\"og:site_name\" content=\"boskibox.pl\" \/>\n<meta property=\"article:publisher\" content=\"https:\/\/www.facebook.com\/Boskibox\" \/>\n<meta property=\"article:modified_time\" content=\"2023-12-16T11:17:48+00:00\" \/>\n<meta property=\"og:image\" content=\"https:\/\/boskibox.pl\/wp-content\/uploads\/2023\/12\/MG_5987.jpg\" \/>\n<meta name=\"twitter:card\" content=\"summary_large_image\" \/>\n<meta name=\"twitter:label1\" content=\"Est. reading time\" \/>\n\t<meta name=\"twitter:data1\" content=\"1 minute\" \/>\n<script type=\"application\/ld+json\" class=\"yoast-schema-graph\">{\"@context\":\"https:\/\/schema.org\",\"@graph\":[{\"@type\":\"WebPage\",\"@id\":\"https:\/\/boskibox.pl\/potwierdz-swoj-adres-e-mail\/\",\"url\":\"https:\/\/boskibox.pl\/potwierdz-swoj-adres-e-mail\/\",\"name\":\"Potwierd\u017a sw\u00f3j adres E-Mail &#8211; boskibox.pl\",\"isPartOf\":{\"@id\":\"https:\/\/boskibox.pl\/#website\"},\"primaryImageOfPage\":{\"@id\":\"https:\/\/boskibox.pl\/potwierdz-swoj-adres-e-mail\/#primaryimage\"},\"image\":{\"@id\":\"https:\/\/boskibox.pl\/potwierdz-swoj-adres-e-mail\/#primaryimage\"},\"thumbnailUrl\":\"https:\/\/boskibox.pl\/wp-content\/uploads\/2023\/12\/MG_5987.jpg\",\"datePublished\":\"2023-12-16T10:37:21+00:00\",\"dateModified\":\"2023-12-16T11:17:48+00:00\",\"breadcrumb\":{\"@id\":\"https:\/\/boskibox.pl\/potwierdz-swoj-adres-e-mail\/#breadcrumb\"},\"inLanguage\":\"en-US\",\"potentialAction\":[{\"@type\":\"ReadAction\",\"target\":[\"https:\/\/boskibox.pl\/potwierdz-swoj-adres-e-mail\/\"]}]},{\"@type\":\"ImageObject\",\"inLanguage\":\"en-US\",\"@id\":\"https:\/\/boskibox.pl\/potwierdz-swoj-adres-e-mail\/#primaryimage\",\"url\":\"https:\/\/boskibox.pl\/wp-content\/uploads\/2023\/12\/MG_5987.jpg\",\"contentUrl\":\"https:\/\/boskibox.pl\/wp-content\/uploads\/2023\/12\/MG_5987.jpg\"},{\"@type\":\"BreadcrumbList\",\"@id\":\"https:\/\/boskibox.pl\/potwierdz-swoj-adres-e-mail\/#breadcrumb\",\"itemListElement\":[{\"@type\":\"ListItem\",\"position\":1,\"name\":\"Strona G\u0142\u00f3wna\",\"item\":\"https:\/\/boskibox.pl\/\"},{\"@type\":\"ListItem\",\"position\":2,\"name\":\"Potwierd\u017a sw\u00f3j adres E-Mail\"}]},{\"@type\":\"WebSite\",\"@id\":\"https:\/\/boskibox.pl\/#website\",\"url\":\"https:\/\/boskibox.pl\/\",\"name\":\"boskibox.pl\",\"description\":\"Catering Dietetyczny\",\"publisher\":{\"@id\":\"https:\/\/boskibox.pl\/#organization\"},\"alternateName\":\"BoskiBox - Catering Dietetyczny\",\"potentialAction\":[{\"@type\":\"SearchAction\",\"target\":{\"@type\":\"EntryPoint\",\"urlTemplate\":\"https:\/\/boskibox.pl\/?s={search_term_string}\"},\"query-input\":{\"@type\":\"PropertyValueSpecification\",\"valueRequired\":true,\"valueName\":\"search_term_string\"}}],\"inLanguage\":\"en-US\"},{\"@type\":[\"Organization\",\"Place\"],\"@id\":\"https:\/\/boskibox.pl\/#organization\",\"name\":\"Boski Box\",\"alternateName\":\"Boski Box\",\"url\":\"https:\/\/boskibox.pl\/\",\"logo\":{\"@id\":\"https:\/\/boskibox.pl\/potwierdz-swoj-adres-e-mail\/#local-main-organization-logo\"},\"image\":{\"@id\":\"https:\/\/boskibox.pl\/potwierdz-swoj-adres-e-mail\/#local-main-organization-logo\"},\"sameAs\":[\"https:\/\/www.facebook.com\/Boskibox\",\"https:\/\/www.instagram.com\/boskibox_catering\/\"],\"address\":{\"@id\":\"https:\/\/boskibox.pl\/potwierdz-swoj-adres-e-mail\/#local-main-place-address\"},\"telephone\":[\"662 471 147\"],\"openingHoursSpecification\":[{\"@type\":\"OpeningHoursSpecification\",\"dayOfWeek\":[\"Monday\",\"Tuesday\",\"Wednesday\",\"Thursday\",\"Friday\",\"Saturday\",\"Sunday\"],\"opens\":\"09:00\",\"closes\":\"17:00\"}],\"email\":\"kontakt@boskibox.pl\",\"areaServed\":\"Polska\",\"taxID\":\"5242952267\"},{\"@type\":\"PostalAddress\",\"@id\":\"https:\/\/boskibox.pl\/potwierdz-swoj-adres-e-mail\/#local-main-place-address\",\"streetAddress\":\"ul. Kusznik\u00f3w 20\/2\",\"addressLocality\":\"Warszawa\",\"postalCode\":\"03-274\",\"addressRegion\":\"Mazowieckie\",\"addressCountry\":\"PL\"},{\"@type\":\"ImageObject\",\"inLanguage\":\"en-US\",\"@id\":\"https:\/\/boskibox.pl\/potwierdz-swoj-adres-e-mail\/#local-main-organization-logo\",\"url\":\"https:\/\/boskibox.pl\/wp-content\/uploads\/2023\/12\/boski-logo-google-ads-1200\u00d7200-px-1.png\",\"contentUrl\":\"https:\/\/boskibox.pl\/wp-content\/uploads\/2023\/12\/boski-logo-google-ads-1200\u00d7200-px-1.png\",\"width\":1200,\"height\":200,\"caption\":\"Boski Box\"}]}<\/script>\n<meta name=\"geo.placename\" content=\"Warszawa\" \/>\n<meta name=\"geo.region\" content=\"Poland\" \/>\n<!-- \/ Yoast SEO Premium plugin. -->","yoast_head_json":{"title":"Potwierd\u017a sw\u00f3j adres E-Mail &#8211; boskibox.pl","robots":{"index":"index","follow":"follow","max-snippet":"max-snippet:-1","max-image-preview":"max-image-preview:large","max-video-preview":"max-video-preview:-1"},"canonical":"https:\/\/boskibox.pl\/en\/potwierdz-swoj-adres-e-mail\/","og_locale":"en_US","og_type":"article","og_title":"Potwierd\u017a sw\u00f3j adres E-Mail","og_description":"Dzi\u0119kujemy za zapis do newslettera ! Pomy\u015blnie zapisano ci\u0119 na nasz\u0105 list\u0119 subskrybent\u00f3w! Psst&#8230; dla Ciebie jako nowego subskrybenta mamy 5% kod zni\u017ckowy: WITAMY5. Smacznego!","og_url":"https:\/\/boskibox.pl\/en\/potwierdz-swoj-adres-e-mail\/","og_site_name":"boskibox.pl","article_publisher":"https:\/\/www.facebook.com\/Boskibox","article_modified_time":"2023-12-16T11:17:48+00:00","og_image":[{"url":"https:\/\/boskibox.pl\/wp-content\/uploads\/2023\/12\/MG_5987.jpg","type":"","width":"","height":""}],"twitter_card":"summary_large_image","twitter_misc":{"Est. reading time":"1 minute"},"schema":{"@context":"https:\/\/schema.org","@graph":[{"@type":"WebPage","@id":"https:\/\/boskibox.pl\/potwierdz-swoj-adres-e-mail\/","url":"https:\/\/boskibox.pl\/potwierdz-swoj-adres-e-mail\/","name":"Potwierd\u017a sw\u00f3j adres E-Mail &#8211; boskibox.pl","isPartOf":{"@id":"https:\/\/boskibox.pl\/#website"},"primaryImageOfPage":{"@id":"https:\/\/boskibox.pl\/potwierdz-swoj-adres-e-mail\/#primaryimage"},"image":{"@id":"https:\/\/boskibox.pl\/potwierdz-swoj-adres-e-mail\/#primaryimage"},"thumbnailUrl":"https:\/\/boskibox.pl\/wp-content\/uploads\/2023\/12\/MG_5987.jpg","datePublished":"2023-12-16T10:37:21+00:00","dateModified":"2023-12-16T11:17:48+00:00","breadcrumb":{"@id":"https:\/\/boskibox.pl\/potwierdz-swoj-adres-e-mail\/#breadcrumb"},"inLanguage":"en-US","potentialAction":[{"@type":"ReadAction","target":["https:\/\/boskibox.pl\/potwierdz-swoj-adres-e-mail\/"]}]},{"@type":"ImageObject","inLanguage":"en-US","@id":"https:\/\/boskibox.pl\/potwierdz-swoj-adres-e-mail\/#primaryimage","url":"https:\/\/boskibox.pl\/wp-content\/uploads\/2023\/12\/MG_5987.jpg","contentUrl":"https:\/\/boskibox.pl\/wp-content\/uploads\/2023\/12\/MG_5987.jpg"},{"@type":"BreadcrumbList","@id":"https:\/\/boskibox.pl\/potwierdz-swoj-adres-e-mail\/#breadcrumb","itemListElement":[{"@type":"ListItem","position":1,"name":"Strona G\u0142\u00f3wna","item":"https:\/\/boskibox.pl\/"},{"@type":"ListItem","position":2,"name":"Potwierd\u017a sw\u00f3j adres E-Mail"}]},{"@type":"WebSite","@id":"https:\/\/boskibox.pl\/#website","url":"https:\/\/boskibox.pl\/","name":"boskibox.pl","description":"Catering Dietetyczny","publisher":{"@id":"https:\/\/boskibox.pl\/#organization"},"alternateName":"BoskiBox - Catering Dietetyczny","potentialAction":[{"@type":"SearchAction","target":{"@type":"EntryPoint","urlTemplate":"https:\/\/boskibox.pl\/?s={search_term_string}"},"query-input":{"@type":"PropertyValueSpecification","valueRequired":true,"valueName":"search_term_string"}}],"inLanguage":"en-US"},{"@type":["Organization","Place"],"@id":"https:\/\/boskibox.pl\/#organization","name":"Boski Box","alternateName":"Boski Box","url":"https:\/\/boskibox.pl\/","logo":{"@id":"https:\/\/boskibox.pl\/potwierdz-swoj-adres-e-mail\/#local-main-organization-logo"},"image":{"@id":"https:\/\/boskibox.pl\/potwierdz-swoj-adres-e-mail\/#local-main-organization-logo"},"sameAs":["https:\/\/www.facebook.com\/Boskibox","https:\/\/www.instagram.com\/boskibox_catering\/"],"address":{"@id":"https:\/\/boskibox.pl\/potwierdz-swoj-adres-e-mail\/#local-main-place-address"},"telephone":["662 471 147"],"openingHoursSpecification":[{"@type":"OpeningHoursSpecification","dayOfWeek":["Monday","Tuesday","Wednesday","Thursday","Friday","Saturday","Sunday"],"opens":"09:00","closes":"17:00"}],"email":"kontakt@boskibox.pl","areaServed":"Polska","taxID":"5242952267"},{"@type":"PostalAddress","@id":"https:\/\/boskibox.pl\/potwierdz-swoj-adres-e-mail\/#local-main-place-address","streetAddress":"ul. Kusznik\u00f3w 20\/2","addressLocality":"Warszawa","postalCode":"03-274","addressRegion":"Mazowieckie","addressCountry":"PL"},{"@type":"ImageObject","inLanguage":"en-US","@id":"https:\/\/boskibox.pl\/potwierdz-swoj-adres-e-mail\/#local-main-organization-logo","url":"https:\/\/boskibox.pl\/wp-content\/uploads\/2023\/12\/boski-logo-google-ads-1200\u00d7200-px-1.png","contentUrl":"https:\/\/boskibox.pl\/wp-content\/uploads\/2023\/12\/boski-logo-google-ads-1200\u00d7200-px-1.png","width":1200,"height":200,"caption":"Boski Box"}]},"geo.placename":"Warszawa","geo.region":"Poland"},"_links":{"self":[{"href":"https:\/\/boskibox.pl\/en\/wp-json\/wp\/v2\/pages\/285921","targetHints":{"allow":["GET"]}}],"collection":[{"href":"https:\/\/boskibox.pl\/en\/wp-json\/wp\/v2\/pages"}],"about":[{"href":"https:\/\/boskibox.pl\/en\/wp-json\/wp\/v2\/types\/page"}],"author":[{"embeddable":true,"href":"https:\/\/boskibox.pl\/en\/wp-json\/wp\/v2\/users\/1"}],"replies":[{"embeddable":true,"href":"https:\/\/boskibox.pl\/en\/wp-json\/wp\/v2\/comments?post=285921"}],"version-history":[{"count":5,"href":"https:\/\/boskibox.pl\/en\/wp-json\/wp\/v2\/pages\/285921\/revisions"}],"predecessor-version":[{"id":285942,"href":"https:\/\/boskibox.pl\/en\/wp-json\/wp\/v2\/pages\/285921\/revisions\/285942"}],"wp:attachment":[{"href":"https:\/\/boskibox.pl\/en\/wp-json\/wp\/v2\/media?parent=285921"}],"curies":[{"name":"wp","href":"https:\/\/api.w.org\/{rel}","templated":true}]}}