{"id":285860,"date":"2023-12-15T04:24:11","date_gmt":"2023-12-15T04:24:11","guid":{"rendered":"https:\/\/boskibox.pl\/newsletter\/"},"modified":"2023-12-15T06:24:24","modified_gmt":"2023-12-15T06:24:24","slug":"newsletter","status":"publish","type":"page","link":"https:\/\/boskibox.pl\/en\/newsletter\/","title":{"rendered":"Newsletter"},"content":{"rendered":"<p><div class=\"tnp tnp-subscription \">\n<form method=\"post\" action=\"https:\/\/boskibox.pl\/wp-admin\/admin-ajax.php?action=tnp&amp;na=s\">\n<input type=\"hidden\" name=\"nlang\" value=\"\">\n<div class=\"tnp-field tnp-field-firstname\"><label for=\"tnp-1\">First name<\/label>\n<input class=\"tnp-name\" type=\"text\" name=\"nn\" id=\"tnp-1\" value=\"\" placeholder=\"\"><\/div>\n<div class=\"tnp-field tnp-field-email\"><label for=\"tnp-2\">Email<\/label>\n<input class=\"tnp-email\" type=\"email\" name=\"ne\" id=\"tnp-2\" value=\"\" placeholder=\"\" required><\/div>\n<div class=\"tnp-field tnp-privacy-field\"><label><input type=\"checkbox\" name=\"ny\" required class=\"tnp-privacy\"> <a target=\"_blank\" href=\"https:\/\/boskibox.pl\/polityka-prywatnosci\/\">Wyra\u017cam zgod\u0119 na przetwarzanie moich danych osobowych oraz zapozna\u0142em\/am si\u0119 z Polityk\u0105 Prywatno\u015bci<\/a><\/label><\/div><div class=\"tnp-field tnp-field-button\" style=\"text-align: left\"><input class=\"tnp-submit\" type=\"submit\" value=\"Subscribe\" style=\"\">\n<\/div>\n<\/form>\n<\/div>\n<\/p>\n\n\n<p>[profil_biuletynu]<\/p>\n","protected":false},"excerpt":{"rendered":"","protected":false},"author":1,"featured_media":0,"parent":0,"menu_order":0,"comment_status":"closed","ping_status":"closed","template":"","meta":{"footnotes":""},"class_list":["post-285860","page","type-page","status-publish","hentry"],"acf":[],"yoast_head":"<!-- This site is optimized with the Yoast SEO Premium plugin v19.4 (Yoast SEO v27.2) - https:\/\/yoast.com\/product\/yoast-seo-premium-wordpress\/ -->\n<title>Newsletter &#8211; boskibox.pl<\/title>\n<meta name=\"robots\" content=\"index, follow, max-snippet:-1, max-image-preview:large, max-video-preview:-1\" \/>\n<link rel=\"canonical\" href=\"https:\/\/boskibox.pl\/en\/newsletter\/\" \/>\n<meta property=\"og:locale\" content=\"en_US\" \/>\n<meta property=\"og:type\" content=\"article\" \/>\n<meta property=\"og:title\" content=\"Newsletter\" \/>\n<meta property=\"og:url\" content=\"https:\/\/boskibox.pl\/en\/newsletter\/\" \/>\n<meta property=\"og:site_name\" content=\"boskibox.pl\" \/>\n<meta property=\"article:publisher\" content=\"https:\/\/www.facebook.com\/Boskibox\" \/>\n<meta property=\"article:modified_time\" content=\"2023-12-15T06:24:24+00:00\" \/>\n<meta property=\"og:image\" content=\"https:\/\/boskibox.pl\/wp-content\/uploads\/2023\/11\/28.02.2023-roslinne-pulled-porl-w-sosie-slodko-pikantynm-z-orzeszkami-ryzem-basmati-i-surowka-z-kapusty-1-scaled-1.jpg\" \/>\n\t<meta property=\"og:image:width\" content=\"1707\" \/>\n\t<meta property=\"og:image:height\" content=\"2560\" \/>\n\t<meta property=\"og:image:type\" content=\"image\/jpeg\" \/>\n<meta name=\"twitter:card\" content=\"summary_large_image\" \/>\n<meta name=\"twitter:label1\" content=\"Est. reading time\" \/>\n\t<meta name=\"twitter:data1\" content=\"1 minute\" \/>\n<script type=\"application\/ld+json\" class=\"yoast-schema-graph\">{\"@context\":\"https:\/\/schema.org\",\"@graph\":[{\"@type\":\"WebPage\",\"@id\":\"https:\/\/boskibox.pl\/newsletter\/\",\"url\":\"https:\/\/boskibox.pl\/newsletter\/\",\"name\":\"Newsletter &#8211; boskibox.pl\",\"isPartOf\":{\"@id\":\"https:\/\/boskibox.pl\/#website\"},\"datePublished\":\"2023-12-15T04:24:11+00:00\",\"dateModified\":\"2023-12-15T06:24:24+00:00\",\"breadcrumb\":{\"@id\":\"https:\/\/boskibox.pl\/newsletter\/#breadcrumb\"},\"inLanguage\":\"en-US\",\"potentialAction\":[{\"@type\":\"ReadAction\",\"target\":[\"https:\/\/boskibox.pl\/newsletter\/\"]}]},{\"@type\":\"BreadcrumbList\",\"@id\":\"https:\/\/boskibox.pl\/newsletter\/#breadcrumb\",\"itemListElement\":[{\"@type\":\"ListItem\",\"position\":1,\"name\":\"Strona G\u0142\u00f3wna\",\"item\":\"https:\/\/boskibox.pl\/\"},{\"@type\":\"ListItem\",\"position\":2,\"name\":\"Newsletter\"}]},{\"@type\":\"WebSite\",\"@id\":\"https:\/\/boskibox.pl\/#website\",\"url\":\"https:\/\/boskibox.pl\/\",\"name\":\"boskibox.pl\",\"description\":\"Catering Dietetyczny\",\"publisher\":{\"@id\":\"https:\/\/boskibox.pl\/#organization\"},\"alternateName\":\"BoskiBox - Catering Dietetyczny\",\"potentialAction\":[{\"@type\":\"SearchAction\",\"target\":{\"@type\":\"EntryPoint\",\"urlTemplate\":\"https:\/\/boskibox.pl\/?s={search_term_string}\"},\"query-input\":{\"@type\":\"PropertyValueSpecification\",\"valueRequired\":true,\"valueName\":\"search_term_string\"}}],\"inLanguage\":\"en-US\"},{\"@type\":[\"Organization\",\"Place\"],\"@id\":\"https:\/\/boskibox.pl\/#organization\",\"name\":\"Boski Box\",\"alternateName\":\"Boski Box\",\"url\":\"https:\/\/boskibox.pl\/\",\"logo\":{\"@id\":\"https:\/\/boskibox.pl\/newsletter\/#local-main-organization-logo\"},\"image\":{\"@id\":\"https:\/\/boskibox.pl\/newsletter\/#local-main-organization-logo\"},\"sameAs\":[\"https:\/\/www.facebook.com\/Boskibox\",\"https:\/\/www.instagram.com\/boskibox_catering\/\"],\"address\":{\"@id\":\"https:\/\/boskibox.pl\/newsletter\/#local-main-place-address\"},\"telephone\":[\"662 471 147\"],\"openingHoursSpecification\":[{\"@type\":\"OpeningHoursSpecification\",\"dayOfWeek\":[\"Monday\",\"Tuesday\",\"Wednesday\",\"Thursday\",\"Friday\",\"Saturday\",\"Sunday\"],\"opens\":\"09:00\",\"closes\":\"17:00\"}],\"email\":\"kontakt@boskibox.pl\",\"areaServed\":\"Polska\",\"taxID\":\"5242952267\"},{\"@type\":\"PostalAddress\",\"@id\":\"https:\/\/boskibox.pl\/newsletter\/#local-main-place-address\",\"streetAddress\":\"ul. Kusznik\u00f3w 20\/2\",\"addressLocality\":\"Warszawa\",\"postalCode\":\"03-274\",\"addressRegion\":\"Mazowieckie\",\"addressCountry\":\"PL\"},{\"@type\":\"ImageObject\",\"inLanguage\":\"en-US\",\"@id\":\"https:\/\/boskibox.pl\/newsletter\/#local-main-organization-logo\",\"url\":\"https:\/\/boskibox.pl\/wp-content\/uploads\/2023\/12\/boski-logo-google-ads-1200\u00d7200-px-1.png\",\"contentUrl\":\"https:\/\/boskibox.pl\/wp-content\/uploads\/2023\/12\/boski-logo-google-ads-1200\u00d7200-px-1.png\",\"width\":1200,\"height\":200,\"caption\":\"Boski Box\"}]}<\/script>\n<meta name=\"geo.placename\" content=\"Warszawa\" \/>\n<meta name=\"geo.region\" content=\"Poland\" \/>\n<!-- \/ Yoast SEO Premium plugin. -->","yoast_head_json":{"title":"Newsletter &#8211; boskibox.pl","robots":{"index":"index","follow":"follow","max-snippet":"max-snippet:-1","max-image-preview":"max-image-preview:large","max-video-preview":"max-video-preview:-1"},"canonical":"https:\/\/boskibox.pl\/en\/newsletter\/","og_locale":"en_US","og_type":"article","og_title":"Newsletter","og_url":"https:\/\/boskibox.pl\/en\/newsletter\/","og_site_name":"boskibox.pl","article_publisher":"https:\/\/www.facebook.com\/Boskibox","article_modified_time":"2023-12-15T06:24:24+00:00","og_image":[{"width":1707,"height":2560,"url":"https:\/\/boskibox.pl\/wp-content\/uploads\/2023\/11\/28.02.2023-roslinne-pulled-porl-w-sosie-slodko-pikantynm-z-orzeszkami-ryzem-basmati-i-surowka-z-kapusty-1-scaled-1.jpg","type":"image\/jpeg"}],"twitter_card":"summary_large_image","twitter_misc":{"Est. reading time":"1 minute"},"schema":{"@context":"https:\/\/schema.org","@graph":[{"@type":"WebPage","@id":"https:\/\/boskibox.pl\/newsletter\/","url":"https:\/\/boskibox.pl\/newsletter\/","name":"Newsletter &#8211; boskibox.pl","isPartOf":{"@id":"https:\/\/boskibox.pl\/#website"},"datePublished":"2023-12-15T04:24:11+00:00","dateModified":"2023-12-15T06:24:24+00:00","breadcrumb":{"@id":"https:\/\/boskibox.pl\/newsletter\/#breadcrumb"},"inLanguage":"en-US","potentialAction":[{"@type":"ReadAction","target":["https:\/\/boskibox.pl\/newsletter\/"]}]},{"@type":"BreadcrumbList","@id":"https:\/\/boskibox.pl\/newsletter\/#breadcrumb","itemListElement":[{"@type":"ListItem","position":1,"name":"Strona G\u0142\u00f3wna","item":"https:\/\/boskibox.pl\/"},{"@type":"ListItem","position":2,"name":"Newsletter"}]},{"@type":"WebSite","@id":"https:\/\/boskibox.pl\/#website","url":"https:\/\/boskibox.pl\/","name":"boskibox.pl","description":"Catering Dietetyczny","publisher":{"@id":"https:\/\/boskibox.pl\/#organization"},"alternateName":"BoskiBox - Catering Dietetyczny","potentialAction":[{"@type":"SearchAction","target":{"@type":"EntryPoint","urlTemplate":"https:\/\/boskibox.pl\/?s={search_term_string}"},"query-input":{"@type":"PropertyValueSpecification","valueRequired":true,"valueName":"search_term_string"}}],"inLanguage":"en-US"},{"@type":["Organization","Place"],"@id":"https:\/\/boskibox.pl\/#organization","name":"Boski Box","alternateName":"Boski Box","url":"https:\/\/boskibox.pl\/","logo":{"@id":"https:\/\/boskibox.pl\/newsletter\/#local-main-organization-logo"},"image":{"@id":"https:\/\/boskibox.pl\/newsletter\/#local-main-organization-logo"},"sameAs":["https:\/\/www.facebook.com\/Boskibox","https:\/\/www.instagram.com\/boskibox_catering\/"],"address":{"@id":"https:\/\/boskibox.pl\/newsletter\/#local-main-place-address"},"telephone":["662 471 147"],"openingHoursSpecification":[{"@type":"OpeningHoursSpecification","dayOfWeek":["Monday","Tuesday","Wednesday","Thursday","Friday","Saturday","Sunday"],"opens":"09:00","closes":"17:00"}],"email":"kontakt@boskibox.pl","areaServed":"Polska","taxID":"5242952267"},{"@type":"PostalAddress","@id":"https:\/\/boskibox.pl\/newsletter\/#local-main-place-address","streetAddress":"ul. Kusznik\u00f3w 20\/2","addressLocality":"Warszawa","postalCode":"03-274","addressRegion":"Mazowieckie","addressCountry":"PL"},{"@type":"ImageObject","inLanguage":"en-US","@id":"https:\/\/boskibox.pl\/newsletter\/#local-main-organization-logo","url":"https:\/\/boskibox.pl\/wp-content\/uploads\/2023\/12\/boski-logo-google-ads-1200\u00d7200-px-1.png","contentUrl":"https:\/\/boskibox.pl\/wp-content\/uploads\/2023\/12\/boski-logo-google-ads-1200\u00d7200-px-1.png","width":1200,"height":200,"caption":"Boski Box"}]},"geo.placename":"Warszawa","geo.region":"Poland"},"_links":{"self":[{"href":"https:\/\/boskibox.pl\/en\/wp-json\/wp\/v2\/pages\/285860","targetHints":{"allow":["GET"]}}],"collection":[{"href":"https:\/\/boskibox.pl\/en\/wp-json\/wp\/v2\/pages"}],"about":[{"href":"https:\/\/boskibox.pl\/en\/wp-json\/wp\/v2\/types\/page"}],"author":[{"embeddable":true,"href":"https:\/\/boskibox.pl\/en\/wp-json\/wp\/v2\/users\/1"}],"replies":[{"embeddable":true,"href":"https:\/\/boskibox.pl\/en\/wp-json\/wp\/v2\/comments?post=285860"}],"version-history":[{"count":2,"href":"https:\/\/boskibox.pl\/en\/wp-json\/wp\/v2\/pages\/285860\/revisions"}],"predecessor-version":[{"id":285897,"href":"https:\/\/boskibox.pl\/en\/wp-json\/wp\/v2\/pages\/285860\/revisions\/285897"}],"wp:attachment":[{"href":"https:\/\/boskibox.pl\/en\/wp-json\/wp\/v2\/media?parent=285860"}],"curies":[{"name":"wp","href":"https:\/\/api.w.org\/{rel}","templated":true}]}}